{"id":65,"date":"2022-11-23T16:36:45","date_gmt":"2022-11-23T15:36:45","guid":{"rendered":"https:\/\/www.otogamestudio.com\/?page_id=65"},"modified":"2025-05-21T18:38:37","modified_gmt":"2025-05-21T16:38:37","slug":"contact","status":"publish","type":"page","link":"https:\/\/www.otogamestudio.com\/fr\/contact\/","title":{"rendered":"Contact"},"content":{"rendered":"<h1 class=\"wp-block-heading\">Contact<\/h1>\n\n\n\n<p>Le formulaire de contact n\u2019est pas encore termin\u00e9. Veuillez nous excuser pour ce d\u00e9sagr\u00e9ment.<\/p>\n\n\n\n<p>Pour toute question ou demande de renseignements sur les affaires ou la presse, veuillez m\u2019envoyer un courriel\u00a0:<\/p>\n\n\n\n<p><strong>contact[at]otogamestudio.com<\/strong><\/p>\n\n\n\n<div style=\"height:8px\" aria-hidden=\"true\" class=\"wp-block-spacer\"><\/div>\n\n\n\n<p>Ou mon compte X\/Twitter\u00a0:<\/p>\n\n\n\n<p><a href=\"https:\/\/twitter.com\/OtoIndieDev\">https:\/\/twitter.com\/OtoIndieDev<\/a><\/p>\n\n\n\n<p><\/p>","protected":false},"excerpt":{"rendered":"<p>Contact The contact form is not done yet. Sorry for the inconvenience. For questions and business or press inquiries, please email me: contact[at]otogamestudio.com Or my X\/Twitter account: https:\/\/twitter.com\/OtoIndieDev<\/p>","protected":false},"author":1,"featured_media":0,"parent":0,"menu_order":0,"comment_status":"closed","ping_status":"closed","template":"","meta":{"footnotes":""},"class_list":["post-65","page","type-page","status-publish","hentry"],"aioseo_notices":[],"_links":{"self":[{"href":"https:\/\/www.otogamestudio.com\/fr\/wp-json\/wp\/v2\/pages\/65","targetHints":{"allow":["GET"]}}],"collection":[{"href":"https:\/\/www.otogamestudio.com\/fr\/wp-json\/wp\/v2\/pages"}],"about":[{"href":"https:\/\/www.otogamestudio.com\/fr\/wp-json\/wp\/v2\/types\/page"}],"author":[{"embeddable":true,"href":"https:\/\/www.otogamestudio.com\/fr\/wp-json\/wp\/v2\/users\/1"}],"replies":[{"embeddable":true,"href":"https:\/\/www.otogamestudio.com\/fr\/wp-json\/wp\/v2\/comments?post=65"}],"version-history":[{"count":10,"href":"https:\/\/www.otogamestudio.com\/fr\/wp-json\/wp\/v2\/pages\/65\/revisions"}],"predecessor-version":[{"id":567,"href":"https:\/\/www.otogamestudio.com\/fr\/wp-json\/wp\/v2\/pages\/65\/revisions\/567"}],"wp:attachment":[{"href":"https:\/\/www.otogamestudio.com\/fr\/wp-json\/wp\/v2\/media?parent=65"}],"curies":[{"name":"wp","href":"https:\/\/api.w.org\/{rel}","templated":true}]}}