{"id":583,"date":"2025-05-21T22:49:43","date_gmt":"2025-05-21T20:49:43","guid":{"rendered":"https:\/\/www.otogamestudio.com\/?page_id=583"},"modified":"2025-05-31T21:49:19","modified_gmt":"2025-05-31T19:49:19","slug":"accueil","status":"publish","type":"page","link":"https:\/\/www.otogamestudio.com\/fr\/","title":{"rendered":"Accueil"},"content":{"rendered":"<h1 class=\"wp-block-heading\">Accueil<\/h1>\n\n\n\n<p class=\"has-medium-font-size\">Je suis un d\u00e9veloppeur de jeux vid\u00e9os d\u2019aventure-RPG ind\u00e9pendant. Bienvenue sur mon site !<\/p>\n\n\n\n<div style=\"height:6px\" aria-hidden=\"true\" class=\"wp-block-spacer\"><\/div>\n\n\n<div class=\"wp-block-image\">\n<figure class=\"aligncenter size-full is-resized\"><img loading=\"lazy\" decoding=\"async\" width=\"600\" height=\"338\" src=\"https:\/\/www.otogamestudio.com\/wp-content\/uploads\/2024\/07\/night600.jpg\" alt=\"\" class=\"wp-image-434\" style=\"width:818px;height:auto\" srcset=\"https:\/\/www.otogamestudio.com\/wp-content\/uploads\/2024\/07\/night600.jpg 600w, https:\/\/www.otogamestudio.com\/wp-content\/uploads\/2024\/07\/night600-300x169.jpg 300w, https:\/\/www.otogamestudio.com\/wp-content\/uploads\/2024\/07\/night600-18x10.jpg 18w\" sizes=\"auto, (max-width: 600px) 100vw, 600px\" \/><\/figure>\n<\/div>\n\n\n<div style=\"height:12px\" aria-hidden=\"true\" class=\"wp-block-spacer\"><\/div>\n\n\n\n<h2 class=\"wp-block-heading\">Nouveaut\u00e9s<\/h2>\n\n\n\n<h3 class=\"wp-block-heading\">21\/05\/25 - Refonte et migration du site web !<\/h3>\n\n\n\n<h3 class=\"wp-block-heading\">18\/05\/25 - Page Steam en ligne pour mon nouveau jeu !<\/h3>\n\n\n\n<h3 class=\"wp-block-heading\">17\/05\/25 - Cahier des Charges de mon nouveau jeu compl\u00e9t\u00e9 !<\/h3>\n\n\n\n<h3 class=\"wp-block-heading\">15\/05\/25 - D\u00e9but de la section \"Nouveaut\u00e9s\"<\/h3>\n\n\n\n<div style=\"height:19px\" aria-hidden=\"true\" class=\"wp-block-spacer\"><\/div>\n\n\n\n<h2 class=\"wp-block-heading\">Roadmap pour Against Legions of Specters<\/h2>\n\n\n\n<p class=\"has-medium-font-size\">Je travaille actuellement avec un sc\u00e9nariste ind\u00e9pendant pour cr\u00e9er l\u2019histoire du jeu. Je travaille \u00e9galement sur le marketing du jeu, la cr\u00e9ation de la page Steam, la mise \u00e0 jour du site et des diff\u00e9rentes pages des r\u00e9seaux sociaux.<\/p>\n\n\n\n<div style=\"height:18px\" aria-hidden=\"true\" class=\"wp-block-spacer\"><\/div>\n\n\n\n<h2 class=\"wp-block-heading\">Table des mati\u00e8res<\/h2>\n\n\n<div class=\"wildcard-wrapper\">\n\t\t<div class=\"wildcard-row\">\n\t\t\t<a style=\"display:block; flex-grow: 1; flex-basis:33%; padding:10px;\" href=\"https:\/\/www.otogamestudio.com\/fr\/inspiring-dreams\/\">\n\t\t\t\t<div style=\"height:100%; border:1px solid grey; border-radius:3px; box-shadow:0 10px 16px 0 rgba(0,0,0,0.2),0 6px 20px 0 rgba(0,0,0,0.19)\">\n\t\t\t\t\t<img decoding=\"async\" src=\"https:\/\/www.otogamestudio.com\/wp-content\/themes\/onepress-child\\assets\\images\\inspiring_dreams.jpg\" alt=\"Popcorn\" style=\"width:100%; height:161px;\">\n\t\t\t\t\t<div style=\"padding:20px 20px 0px 20px; text-align:center;\">\n\t\t\t\t\t\t<h2>Inspiring Dreams<\/h2>\n\t\t\t\t\t<\/div>\n\t\t\t\t<\/div>\n\t\t\t<\/a>\n\t\t\t<a style=\"display:block; flex-grow: 1; flex-basis:33%; padding:10px;\" href=\"https:\/\/www.otogamestudio.com\/fr\/against-legions-of-specters\/\">\n\t\t\t\t<div style=\"height:100%; border:1px solid grey; border-radius:3px; box-shadow:0 10px 16px 0 rgba(0,0,0,0.2),0 6px 20px 0 rgba(0,0,0,0.19)\">\n\t\t\t\t\t<img decoding=\"async\" src=\"https:\/\/www.otogamestudio.com\/wp-content\/themes\/onepress-child\\assets\\images\\amilia_final.jpg\" alt=\"Popcorn\" style=\"width:100%; height:161px;\">\n\t\t\t\t\t<div style=\"padding:20px 20px 0px 20px; text-align:center;\">\n\t\t\t\t\t\t<h2>Against Legions of Specters<\/h2>\n\t\t\t\t\t<\/div>\n\t\t\t\t<\/div>\n\t\t\t<\/a>\n\t\t\t<a style=\"display:block; flex-grow: 1; flex-basis:33%; padding:10px;\" href=\"https:\/\/www.otogamestudio.com\/fr\/our-story\/\">\n\t\t\t\t<div style=\"height:100%; border:1px solid grey; border-radius:3px; box-shadow:0 10px 16px 0 rgba(0,0,0,0.2),0 6px 20px 0 rgba(0,0,0,0.19)\">\n\t\t\t\t\t<img decoding=\"async\" src=\"https:\/\/www.otogamestudio.com\/wp-content\/themes\/onepress-child\\assets\\images\\storytelling_miniature.jpg\" alt=\"Popcorn\" style=\"width:100%; height:161px;\">\n\t\t\t\t\t<div style=\"padding:20px 20px 0px 20px; text-align:center;\">\n\t\t\t\t\t\t<h2>Notre Histoire<\/h2>\n\t\t\t\t\t<\/div>\n\t\t\t\t<\/div>\n\t\t\t<\/a>\n\t\t<\/div>\n\t\t\n\t<\/div>","protected":false},"excerpt":{"rendered":"<p>Home I am an independent adventure-RPG video game developer. Welcome to my site! Updates 05\/21\/25 &#8211; Website redesign and migration! 05\/18\/25 &#8211; Steam page online for my new game! 05\/17\/25 &#8230;<\/p>","protected":false},"author":1,"featured_media":0,"parent":0,"menu_order":0,"comment_status":"closed","ping_status":"closed","template":"","meta":{"footnotes":""},"class_list":["post-583","page","type-page","status-publish","hentry"],"aioseo_notices":[],"_links":{"self":[{"href":"https:\/\/www.otogamestudio.com\/fr\/wp-json\/wp\/v2\/pages\/583","targetHints":{"allow":["GET"]}}],"collection":[{"href":"https:\/\/www.otogamestudio.com\/fr\/wp-json\/wp\/v2\/pages"}],"about":[{"href":"https:\/\/www.otogamestudio.com\/fr\/wp-json\/wp\/v2\/types\/page"}],"author":[{"embeddable":true,"href":"https:\/\/www.otogamestudio.com\/fr\/wp-json\/wp\/v2\/users\/1"}],"replies":[{"embeddable":true,"href":"https:\/\/www.otogamestudio.com\/fr\/wp-json\/wp\/v2\/comments?post=583"}],"version-history":[{"count":9,"href":"https:\/\/www.otogamestudio.com\/fr\/wp-json\/wp\/v2\/pages\/583\/revisions"}],"predecessor-version":[{"id":607,"href":"https:\/\/www.otogamestudio.com\/fr\/wp-json\/wp\/v2\/pages\/583\/revisions\/607"}],"wp:attachment":[{"href":"https:\/\/www.otogamestudio.com\/fr\/wp-json\/wp\/v2\/media?parent=583"}],"curies":[{"name":"wp","href":"https:\/\/api.w.org\/{rel}","templated":true}]}}