{"id":581,"date":"2025-05-21T22:49:14","date_gmt":"2025-05-21T20:49:14","guid":{"rendered":"https:\/\/www.otogamestudio.com\/?page_id=581"},"modified":"2025-05-31T22:38:18","modified_gmt":"2025-05-31T20:38:18","slug":"against-legions-of-specters","status":"publish","type":"page","link":"https:\/\/www.otogamestudio.com\/fr\/against-legions-of-specters\/","title":{"rendered":"Against Legions of Specters"},"content":{"rendered":"<h1 class=\"wp-block-heading\">Against Legions of Specters<\/h1>\n\n\n\n<p class=\"has-medium-font-size\">Against Legions of Specter est un jeu d\u2019aventure-RPG o\u00f9 le joueur doit recruter des compagnons pour se battre contre une arm\u00e9e de monstres. Am\u00e9liorez vos relations avec vos compagnons et rendez-les plus forts.<\/p>\n\n\n<div class=\"wildcard-wrapper\">\n\t\t<div class=\"wildcard-row\">\n\t\t\t<a style=\"display:block; flex-grow: 1; flex-basis:33%; padding:10px;\" href=\"https:\/\/www.otogamestudio.com\/fr\/\">\n\t\t\t\t<div style=\"height:100%; border:1px solid grey; border-radius:3px; box-shadow:0 10px 16px 0 rgba(0,0,0,0.2),0 6px 20px 0 rgba(0,0,0,0.19)\">\n\t\t\t\t\t<img decoding=\"async\" src=\"https:\/\/www.otogamestudio.com\/wp-content\/themes\/onepress-child\\assets\\images\\home.jpg\" alt=\"Popcorn\" style=\"width:100%; height:161px;\">\n\t\t\t\t\t<div style=\"padding:20px 20px 0px 20px; text-align:center;\">\n\t\t\t\t\t\t<h2>Accueil<\/h2>\n\t\t\t\t\t<\/div>\n\t\t\t\t<\/div>\n\t\t\t<\/a>\n\t\t\t<a style=\"display:block; flex-grow: 1; flex-basis:33%; padding:10px;\" href=\"https:\/\/www.otogamestudio.com\/fr\/presskit_legion_specter_en\/\">\n\t\t\t\t<div style=\"height:100%; border:1px solid grey; border-radius:3px; box-shadow:0 10px 16px 0 rgba(0,0,0,0.2),0 6px 20px 0 rgba(0,0,0,0.19)\">\n\t\t\t\t\t<img decoding=\"async\" src=\"https:\/\/www.otogamestudio.com\/wp-content\/themes\/onepress-child\\assets\\images\\presskit_miniature.jpg\" alt=\"Popcorn\" style=\"width:100%; height:161px;\">\n\t\t\t\t\t<div style=\"padding:20px 20px 0px 20px; text-align:center;\">\n\t\t\t\t\t\t<h2>Kit de Presse Anglais<\/h2>\n\t\t\t\t\t<\/div>\n\t\t\t\t<\/div>\n\t\t\t<\/a>\n\t\t\t<a style=\"display:block; flex-grow: 1; flex-basis:33%; padding:10px;\" href=\"https:\/\/www.otogamestudio.com\/fr\/presskit_legion_specter_fr\/\">\n\t\t\t\t<div style=\"height:100%; border:1px solid grey; border-radius:3px; box-shadow:0 10px 16px 0 rgba(0,0,0,0.2),0 6px 20px 0 rgba(0,0,0,0.19)\">\n\t\t\t\t\t<img decoding=\"async\" src=\"https:\/\/www.otogamestudio.com\/wp-content\/themes\/onepress-child\\assets\\images\\presskit_miniature.jpg\" alt=\"Popcorn\" style=\"width:100%; height:161px;\">\n\t\t\t\t\t<div style=\"padding:20px 20px 0px 20px; text-align:center;\">\n\t\t\t\t\t\t<h2>Kit de Presse Fran\u00e7ais<\/h2>\n\t\t\t\t\t<\/div>\n\t\t\t\t<\/div>\n\t\t\t<\/a>\n\t\t\t<a style=\"display:block; flex-grow: 1; flex-basis:33%; padding:10px;\" href=\"https:\/\/www.otogamestudio.com\/fr\/our-story\/\">\n\t\t\t\t<div style=\"height:100%; border:1px solid grey; border-radius:3px; box-shadow:0 10px 16px 0 rgba(0,0,0,0.2),0 6px 20px 0 rgba(0,0,0,0.19)\">\n\t\t\t\t\t<img decoding=\"async\" src=\"https:\/\/www.otogamestudio.com\/wp-content\/themes\/onepress-child\\assets\\images\\storytelling_miniature.jpg\" alt=\"Popcorn\" style=\"width:100%; height:161px;\">\n\t\t\t\t\t<div style=\"padding:20px 20px 0px 20px; text-align:center;\">\n\t\t\t\t\t\t<h2>Notre Histoire<\/h2>\n\t\t\t\t\t<\/div>\n\t\t\t\t<\/div>\n\t\t\t<\/a>\n\t\t<\/div>\n\t\t\n\t<\/div>\n\n\n\n<div style=\"height:31px\" aria-hidden=\"true\" class=\"wp-block-spacer\"><\/div>\n\n\n\n<h2 class=\"wp-block-heading\">Combattez des l\u00e9gions de monstres<\/h2>\n\n\n<div class=\"wp-block-image\">\n<figure class=\"aligncenter size-full\"><img loading=\"lazy\" decoding=\"async\" width=\"800\" height=\"450\" src=\"https:\/\/www.otogamestudio.com\/wp-content\/uploads\/2025\/05\/fight_gif.gif\" alt=\"\" class=\"wp-image-611\"\/><\/figure>\n<\/div>\n\n\n<p class=\"has-medium-font-size\">Contrairement \u00e0 la plupart des RPG, vous ne combattez pas 3 ou 4 monstres en m\u00eame temps, mais des dizaines de milliers. Ce nombre augmentera tout au long du jeu, \u00e0 mesure que les forces obscures grandiront.<\/p>\n\n\n\n<ul class=\"wp-block-list has-medium-font-size\">\n<li>Gameplay original.<\/li>\n\n\n\n<li>Le joueur perd de la vie constamment \u00e0 cause des monstres, et doit d\u00e9cider rapidement quoi faire.<\/li>\n\n\n\n<li>Grande vari\u00e9t\u00e9 d\u2019attaques (d\u00e9g\u00e2ts, gu\u00e9rison, boucliers, combos...)<\/li>\n\n\n\n<li>Les attaques disponibles d\u00e9pendent des compagnons choisis dans le groupe.<\/li>\n\n\n\n<li>Combat en temps r\u00e9el.<\/li>\n<\/ul>\n\n\n\n<div style=\"height:11px\" aria-hidden=\"true\" class=\"wp-block-spacer\"><\/div>\n\n\n\n<h2 class=\"wp-block-heading\">Rassembler des compagnons<\/h2>\n\n\n<div class=\"wp-block-image\">\n<figure class=\"aligncenter size-full\"><img loading=\"lazy\" decoding=\"async\" width=\"600\" height=\"200\" src=\"https:\/\/www.otogamestudio.com\/wp-content\/uploads\/2025\/05\/dialog_gif_resizedSteam.gif\" alt=\"\" class=\"wp-image-612\"\/><\/figure>\n<\/div>\n\n\n<ul class=\"wp-block-list\">\n<li class=\"has-medium-font-size\">7 compagnons \u00e0 recruter et choisir lors des qu\u00eates.<\/li>\n\n\n\n<li class=\"has-medium-font-size\">Chacun a ses propres capacit\u00e9s actives et passives.<\/li>\n\n\n\n<li class=\"has-medium-font-size\">Augmentez les relations entre compagnons en passant du temps avec eux et en combattant \u00e0 leurs c\u00f4t\u00e9s.<\/li>\n\n\n\n<li class=\"has-medium-font-size\">Attaques sp\u00e9ciales pendant les batailles en fonction des compagnons dans le groupe.<\/li>\n<\/ul>\n\n\n\n<div style=\"height:12px\" aria-hidden=\"true\" class=\"wp-block-spacer\"><\/div>\n\n\n\n<h2 class=\"wp-block-heading\">8 Skill trees<\/h2>\n\n\n<div class=\"wp-block-image\">\n<figure class=\"aligncenter size-full\"><img loading=\"lazy\" decoding=\"async\" width=\"600\" height=\"200\" src=\"https:\/\/www.otogamestudio.com\/wp-content\/uploads\/2025\/05\/tree_gif_resizedSteam.gif\" alt=\"\" class=\"wp-image-614\"\/><\/figure>\n<\/div>\n\n\n<p class=\"has-medium-font-size\">Utilisez des points de comp\u00e9tence pour avancer dans l'arbre. Chaque personnage poss\u00e8de un arbre de comp\u00e9tences diff\u00e9rent. Essayez diff\u00e9rents builds.<\/p>\n\n\n\n<div style=\"height:11px\" aria-hidden=\"true\" class=\"wp-block-spacer\"><\/div>\n\n\n\n<h2 class=\"wp-block-heading\">Tr\u00e8s bonne \u00e9criture et dialogues<\/h2>\n\n\n\n<p class=\"has-medium-font-size\">Le jeu est \u00e9crit par un \u00e9crivain exp\u00e9riment\u00e9, avec un focus sur l\u2019immersion et l\u2019atmosph\u00e8re. Selon les compagnons qui vous suivent lors d\u2019une mission, les dialogues seront diff\u00e9rents. Chaque aventure sera diff\u00e9rente, ce qui permet une grande rejouabilit\u00e9.<\/p>\n\n\n\n<div style=\"height:11px\" aria-hidden=\"true\" class=\"wp-block-spacer\"><\/div>\n\n\n\n<h2 class=\"wp-block-heading\">Environ 70 qu\u00eates<\/h2>\n\n\n\n<p class=\"has-medium-font-size\">Le jeu a une vari\u00e9t\u00e9 de qu\u00eates allant de tuer tous les monstres dans une zone \u00e0 juste discuter et cr\u00e9er des liens avec vos compagnons.<\/p>\n\n\n\n<div style=\"height:14px\" aria-hidden=\"true\" class=\"wp-block-spacer\"><\/div>\n\n\n\n<h2 class=\"wp-block-heading\">Prendre part \u00e0 de grandes batailles<\/h2>\n\n\n<div class=\"wp-block-image\">\n<figure class=\"aligncenter size-full\"><img loading=\"lazy\" decoding=\"async\" width=\"600\" height=\"200\" src=\"https:\/\/www.otogamestudio.com\/wp-content\/uploads\/2025\/05\/battle_gif_resizeSteam.gif\" alt=\"\" class=\"wp-image-613\"\/><\/figure>\n<\/div>\n\n\n<p class=\"has-medium-font-size\">Parfois, le groupe du joueur ne sera pas suffisant pour combattre les masses de monstres. Cherchez le soutien d\u2019autres groupes pour s\u2019unir dans de grandes batailles.<\/p>\n\n\n\n<div style=\"height:12px\" aria-hidden=\"true\" class=\"wp-block-spacer\"><\/div>\n\n\n\n<h2 class=\"wp-block-heading\">Chasse au tr\u00e9sor<\/h2>\n\n\n\n<p class=\"has-medium-font-size\">Beaucoup de dialogues cach\u00e9s, r\u00e9v\u00e9lant des secrets sur le jeu.<\/p>\n\n\n\n<div style=\"height:10px\" aria-hidden=\"true\" class=\"wp-block-spacer\"><\/div>\n\n\n\n<h2 class=\"wp-block-heading\">Pixel Art color\u00e9 dessin\u00e9 \u00e0 la main<\/h2>\n\n\n<div class=\"wp-block-image\">\n<figure class=\"aligncenter size-full\"><img loading=\"lazy\" decoding=\"async\" width=\"600\" height=\"338\" src=\"https:\/\/www.otogamestudio.com\/wp-content\/uploads\/2024\/07\/automne.png\" alt=\"\" class=\"wp-image-436\" srcset=\"https:\/\/www.otogamestudio.com\/wp-content\/uploads\/2024\/07\/automne.png 600w, https:\/\/www.otogamestudio.com\/wp-content\/uploads\/2024\/07\/automne-300x169.png 300w, https:\/\/www.otogamestudio.com\/wp-content\/uploads\/2024\/07\/automne-18x10.png 18w\" sizes=\"auto, (max-width: 600px) 100vw, 600px\" \/><\/figure>\n<\/div>\n\n\n<p class=\"has-medium-font-size\">Parce qu'on aime les belles choses.<\/p>\n\n\n\n<div style=\"height:15px\" aria-hidden=\"true\" class=\"wp-block-spacer\"><\/div>\n\n\n\n<h2 class=\"wp-block-heading\">Belle musique<\/h2>\n\n\n\n<p class=\"has-medium-font-size\">La bande sonore de ce jeu est compos\u00e9e et jou\u00e9e par des musiciens professionnels.<\/p>\n\n\n\n<div style=\"height:14px\" aria-hidden=\"true\" class=\"wp-block-spacer\"><\/div>\n\n\n\n<h2 class=\"wp-block-heading\">Pas d\u2019IA g\u00e9n\u00e9rative<\/h2>\n\n\n<div class=\"wp-block-image\">\n<figure class=\"aligncenter size-full\"><img loading=\"lazy\" decoding=\"async\" width=\"256\" height=\"256\" src=\"https:\/\/www.otogamestudio.com\/wp-content\/uploads\/2024\/07\/noAI-2.jpg\" alt=\"\" class=\"wp-image-442\" srcset=\"https:\/\/www.otogamestudio.com\/wp-content\/uploads\/2024\/07\/noAI-2.jpg 256w, https:\/\/www.otogamestudio.com\/wp-content\/uploads\/2024\/07\/noAI-2-150x150.jpg 150w, https:\/\/www.otogamestudio.com\/wp-content\/uploads\/2024\/07\/noAI-2-12x12.jpg 12w\" sizes=\"auto, (max-width: 256px) 100vw, 256px\" \/><\/figure>\n<\/div>\n\n\n<p class=\"has-medium-font-size\">Tout dans ce jeu (histoire, images, musique, code...) est fait par un humain SANS l\u2019utilisation de d'IA.<\/p>\n\n\n\n<p><\/p>","protected":false},"excerpt":{"rendered":"<p>Against Legions of Specters Against Legions of Specter is an adventure-RPG game where the player must recruit companions to fight against an army of monsters. Improve your relations with your &#8230;<\/p>","protected":false},"author":1,"featured_media":0,"parent":0,"menu_order":0,"comment_status":"closed","ping_status":"closed","template":"","meta":{"footnotes":""},"class_list":["post-581","page","type-page","status-publish","hentry"],"aioseo_notices":[],"_links":{"self":[{"href":"https:\/\/www.otogamestudio.com\/fr\/wp-json\/wp\/v2\/pages\/581","targetHints":{"allow":["GET"]}}],"collection":[{"href":"https:\/\/www.otogamestudio.com\/fr\/wp-json\/wp\/v2\/pages"}],"about":[{"href":"https:\/\/www.otogamestudio.com\/fr\/wp-json\/wp\/v2\/types\/page"}],"author":[{"embeddable":true,"href":"https:\/\/www.otogamestudio.com\/fr\/wp-json\/wp\/v2\/users\/1"}],"replies":[{"embeddable":true,"href":"https:\/\/www.otogamestudio.com\/fr\/wp-json\/wp\/v2\/comments?post=581"}],"version-history":[{"count":6,"href":"https:\/\/www.otogamestudio.com\/fr\/wp-json\/wp\/v2\/pages\/581\/revisions"}],"predecessor-version":[{"id":618,"href":"https:\/\/www.otogamestudio.com\/fr\/wp-json\/wp\/v2\/pages\/581\/revisions\/618"}],"wp:attachment":[{"href":"https:\/\/www.otogamestudio.com\/fr\/wp-json\/wp\/v2\/media?parent=581"}],"curies":[{"name":"wp","href":"https:\/\/api.w.org\/{rel}","templated":true}]}}