{"id":459,"date":"2024-07-10T19:19:36","date_gmt":"2024-07-10T17:19:36","guid":{"rendered":"https:\/\/www.otogamestudio.com\/?page_id=459"},"modified":"2025-05-21T19:17:50","modified_gmt":"2025-05-21T17:17:50","slug":"legal-mentions","status":"publish","type":"page","link":"https:\/\/www.otogamestudio.com\/fr\/legal-mentions\/","title":{"rendered":"Mentions l\u00e9gales"},"content":{"rendered":"<h1 class=\"wp-block-heading\">Mentions l\u00e9gales<\/h1>\n\n\n\n<p>Conform\u00e9ment aux dispositions de la loi n\u00b0 2004-575 du 21 juin 2004 pour la confiance en l\u2019\u00e9conomie num\u00e9rique, il est pr\u00e9cis\u00e9 aux utilisateurs du site otogamestudio.com l\u2019identit\u00e9 des diff\u00e9rents intervenants dans le cadre de sa r\u00e9alisation et de son suivi.<\/p>\n\n\n\n<p><strong>Edition du site<\/strong><\/p>\n\n\n\n<p>Le site otogamestudio.com est \u00e9dit\u00e9 par la soci\u00e9t\u00e9 OLIVIER TOURRES EI, entreprise individuelle, dont le si\u00e8ge social est situ\u00e9 167 rue Fran\u00e7ois Mauriac 13010 Marseille France, immatricul\u00e9e au Registre du Commerce et des Soci\u00e9t\u00e9s (RCS) ainsi qu\u2019au Registre National des Entreprises (RNE) sous le num\u00e9ro 983 777 749.<\/p>\n\n\n\n<p><strong>Responsable de publication<\/strong><\/p>\n\n\n\n<p>Olivier Tourres<\/p>\n\n\n\n<p><strong>Nous contacter<\/strong><\/p>\n\n\n\n<ul class=\"wp-block-list\">\n<li>Email : contact[at]otogamestudio.com<\/li>\n<\/ul>\n\n\n\n<p><strong>Propri\u00e9t\u00e9 intellectuelle<\/strong><\/p>\n\n\n\n<p>Le site et chacun des \u00e9l\u00e9ments, y compris mais sans limitation les marques, les logos, ic\u00f4nes, infographies, photographies, qui le composent sont prot\u00e9g\u00e9s au titre de la l\u00e9gislation internationale de la propri\u00e9t\u00e9 intellectuelle. Les contenus figurant sur le site sont la propri\u00e9t\u00e9 d\u2019OLIVIER TOURRES EI. Toute utilisation, reproduction ou repr\u00e9sentation, par quelque proc\u00e9d\u00e9 que ce soit, et sur quelque support que ce soit, de tout ou partie du site et\/ou des \u00e9l\u00e9ments qui le composent n\u2019est pas autoris\u00e9e sans le consentement express de OLIVIER TOURRES EI.<\/p>\n\n\n\n<p>La marque Oto Game Studio, le logo Oto Game Studio, et toutes les autres marques Oto Game Studio qui figurent sur le pr\u00e9sent site internet sont des marques enregistr\u00e9es, dont le titulaire est la soci\u00e9t\u00e9 OLIVIER TOURRES EI. Toutes les autres marques qui figurent sur le pr\u00e9sent site internet sont la propri\u00e9t\u00e9 de leurs titulaires respectifs.<\/p>\n\n\n\n<p><strong>H\u00e9bergeur<\/strong><\/p>\n\n\n\n<p>Le site otogamestudio.com est h\u00e9berg\u00e9 par OVH SAS<\/p>\n\n\n\n<p>Adresse : 2 rue Kellermann, 59100 Roubaix, France<\/p>\n\n\n\n<p>T\u00e9l\u00e9phone : 09 72 10 10 07<strong>:<\/strong> 09 72 10 10 07<\/p>","protected":false},"excerpt":{"rendered":"<p>Legal Mentions In accordance with the provisions of Law n\u00b0 2004-575 of 21 June 2004 for confidence in the digital economy, users of the site otogamestudio.com are informed of the &#8230;<\/p>","protected":false},"author":1,"featured_media":0,"parent":0,"menu_order":0,"comment_status":"closed","ping_status":"closed","template":"","meta":{"footnotes":""},"class_list":["post-459","page","type-page","status-publish","hentry"],"aioseo_notices":[],"_links":{"self":[{"href":"https:\/\/www.otogamestudio.com\/fr\/wp-json\/wp\/v2\/pages\/459","targetHints":{"allow":["GET"]}}],"collection":[{"href":"https:\/\/www.otogamestudio.com\/fr\/wp-json\/wp\/v2\/pages"}],"about":[{"href":"https:\/\/www.otogamestudio.com\/fr\/wp-json\/wp\/v2\/types\/page"}],"author":[{"embeddable":true,"href":"https:\/\/www.otogamestudio.com\/fr\/wp-json\/wp\/v2\/users\/1"}],"replies":[{"embeddable":true,"href":"https:\/\/www.otogamestudio.com\/fr\/wp-json\/wp\/v2\/comments?post=459"}],"version-history":[{"count":7,"href":"https:\/\/www.otogamestudio.com\/fr\/wp-json\/wp\/v2\/pages\/459\/revisions"}],"predecessor-version":[{"id":564,"href":"https:\/\/www.otogamestudio.com\/fr\/wp-json\/wp\/v2\/pages\/459\/revisions\/564"}],"wp:attachment":[{"href":"https:\/\/www.otogamestudio.com\/fr\/wp-json\/wp\/v2\/media?parent=459"}],"curies":[{"name":"wp","href":"https:\/\/api.w.org\/{rel}","templated":true}]}}