{"id":457,"date":"2024-07-10T19:05:42","date_gmt":"2024-07-10T17:05:42","guid":{"rendered":"https:\/\/www.otogamestudio.com\/?page_id=457"},"modified":"2025-05-21T19:16:18","modified_gmt":"2025-05-21T17:16:18","slug":"terms-of-use","status":"publish","type":"page","link":"https:\/\/www.otogamestudio.com\/fr\/terms-of-use\/","title":{"rendered":"Conditions g\u00e9n\u00e9rales d'utilisation"},"content":{"rendered":"<h1 class=\"wp-block-heading\">Conditions g\u00e9n\u00e9rales d'utilisation<\/h1>\n\n\n\n<blockquote class=\"wp-block-quote is-layout-flow wp-block-quote-is-layout-flow\">\n<p><strong>Article 1<\/strong>: Objet<br>Les pr\u00e9sentes CGU ou Conditions G\u00e9n\u00e9rales d\u2019Utilisation encadrent juridiquement l\u2019utilisation des services du site otogamestudio.com (ci-apr\u00e8s d\u00e9nomm\u00e9 \u00ab le site \u00bb).<br>Constituant le contrat entre la soci\u00e9t\u00e9 OLIVIER TOURRES EI, l\u2019Utilisateur, l\u2019acc\u00e8s au site doit \u00eatre pr\u00e9c\u00e9d\u00e9 de l\u2019acceptation de ces CGU. L\u2019acc\u00e8s \u00e0 cette plateforme signifie l\u2019acceptation des pr\u00e9sentes CGU.<br><br><strong>Article 2:<\/strong> Mentions l\u00e9gales<br>L\u2019\u00e9dition du site otogamestudio.com est assur\u00e9e par la soci\u00e9t\u00e9 OLIVIER TOURRES inscrite au RCS sous le num\u00e9ro 983 777 749, dont le si\u00e8ge social est localis\u00e9 au 167 rue Fran\u00e7ois Mauriac, 13010, Marseille, France M\u00e9tropolitaine.<br>L\u2019h\u00e9bergeur du site otogamestudio.com est la soci\u00e9t\u00e9 OVH, sise au 2 rue Kellermann, 59100 Roubaix, France.<br><br><strong>Article 3<\/strong>: Acc\u00e8s au site<br>The site otogamestudio provides free access to the following services:<br> Des informations g\u00e9n\u00e9rales sur les produits vendus par l'entreprise.<br> Des kits de presse pour les produits vendus par l'entreprise.<br>Le site est accessible gratuitement depuis n\u2019importe o\u00f9 par tout utilisateur disposant d\u2019un acc\u00e8s \u00e0 Internet. Tous les frais n\u00e9cessaires pour l\u2019acc\u00e8s aux services (mat\u00e9riel informatique, connexion Internet\u2026) sont \u00e0 la charge de l\u2019utilisateur.<br>Pour des raisons de maintenance ou autres, l\u2019acc\u00e8s au site peut \u00eatre interrompu ou suspendu par l\u2019\u00e9diteur sans pr\u00e9avis ni justification.<br><br><strong>Article 4<\/strong>: Collecte des donn\u00e9es<br>Le site ne collecte ni ne stocke aucune donn\u00e9e personnelle de ses utilisateurs.<br><br><strong>Article 5<\/strong>: Propri\u00e9t\u00e9 intellectuelle<br>Les marques, logos ainsi que les contenus du site otogamestudio.com (illustrations graphiques, textes\u2026) sont prot\u00e9g\u00e9s par le Code de la propri\u00e9t\u00e9 intellectuelle et par le droit d\u2019auteur.<\/p>\n\n\n\n<p>La reproduction et la copie des contenus par l\u2019Utilisateur requi\u00e8rent une autorisation pr\u00e9alable du site. Dans ce cas, toute utilisation \u00e0 des usages commerciaux ou \u00e0 des fins publicitaires est proscrite. Les journalistes et influenceurs souhaitant mettre en avant les produits vendus par l'entreprise ne sont pas concern\u00e9s par cette r\u00e8gle et peuvent utiliser les contenus pr\u00e9sents sur le site comme ils le souhaitent, bien que ces contenus restent soumis au Code de la propri\u00e9t\u00e9 intellectuelle.<\/p>\n\n\n\n<p><strong>Article 6<\/strong>: Responsabilit\u00e9<\/p>\n\n\n\n<p>Bien que les informations publi\u00e9es sur le site soient r\u00e9put\u00e9es fiables, le site se r\u00e9serve la facult\u00e9 d\u2019une non-garantie de la fiabilit\u00e9 des sources.<\/p>\n\n\n\n<p>Les informations diffus\u00e9es sur le site otogamestudio.com sont pr\u00e9sent\u00e9es \u00e0 titre purement informatif et sont sans valeur contractuelle. En d\u00e9pit des mises \u00e0 jour r\u00e9guli\u00e8res, la responsabilit\u00e9 du site ne peut \u00eatre engag\u00e9e en cas de modification des dispositions administratives et juridiques apparaissant apr\u00e8s la publication. Il en est de m\u00eame pour l\u2019utilisation et l\u2019interpr\u00e9tation des informations communiqu\u00e9es sur la plateforme.<\/p>\n\n\n\n<p>Le site d\u00e9cline toute responsabilit\u00e9 concernant les \u00e9ventuels virus pouvant infecter le mat\u00e9riel informatique de l\u2019Utilisateur apr\u00e8s l\u2019utilisation ou l\u2019acc\u00e8s \u00e0 ce site.<\/p>\n\n\n\n<p>Le site ne peut \u00eatre tenu pour responsable en cas de force majeure ou du fait impr\u00e9visible et insurmontable d\u2019un tiers.<\/p>\n\n\n\n<p>La garantie totale de la s\u00e9curit\u00e9 et la confidentialit\u00e9 des donn\u00e9es n\u2019est pas assur\u00e9e par le site. Cependant, le site s\u2019engage \u00e0 mettre en \u0153uvre toutes les m\u00e9thodes requises pour le faire au mieux.<\/p>\n\n\n\n<p><strong>Article 7:<\/strong> Liens hypertextes<\/p>\n\n\n\n<p>Le site peut \u00eatre constitu\u00e9 de liens hypertextes. En cliquant sur ces derniers, l\u2019Utilisateur sortira de la plateforme. Cette derni\u00e8re n\u2019a pas de contr\u00f4le et ne peut pas \u00eatre tenue responsable du contenu des pages web relatives \u00e0 ces liens.<\/p>\n\n\n\n<p><strong>Article 8<\/strong>: Cookies<\/p>\n\n\n\n<p>Le site otogamestudio.com n'utilise pas de cookies.<\/p>\n\n\n\n<p><strong>Article 9:<\/strong> Publication par l\u2019Utilisateur<\/p>\n\n\n\n<p>Le site otogamestudio.com ne permet pas aux utilisateurs de poster des commentaires.<\/p>\n\n\n\n<p><strong>Article 11<\/strong>: Dur\u00e9e du contrat<\/p>\n\n\n\n<p>Le pr\u00e9sent contrat est valable pour une dur\u00e9e ind\u00e9termin\u00e9e. Le d\u00e9but de l\u2019utilisation des services du site marque l\u2019application du contrat \u00e0 l\u2019\u00e9gard de l\u2019Utilisateur.<\/p>\n\n\n\n<p><strong>Article 12<\/strong>: Droit applicable et juridiction comp\u00e9tente<\/p>\n\n\n\n<p>Le pr\u00e9sent contrat est soumis \u00e0 la l\u00e9gislation fran\u00e7aise. L\u2019absence de r\u00e9solution \u00e0 l\u2019amiable des cas de litige entre les parties implique le recours aux tribunaux fran\u00e7ais comp\u00e9tents pour r\u00e9gler le contentieux.<\/p>\n<\/blockquote>","protected":false},"excerpt":{"rendered":"<p>Terms of Use Article 1: PurposeThese GTU or General Terms of Use legally govern the use of the services of the site otogamestudio.com (hereinafter referred to as \u00abthe site\u00bb).Constituting the &#8230;<\/p>","protected":false},"author":1,"featured_media":0,"parent":0,"menu_order":0,"comment_status":"closed","ping_status":"closed","template":"","meta":{"footnotes":""},"class_list":["post-457","page","type-page","status-publish","hentry"],"aioseo_notices":[],"_links":{"self":[{"href":"https:\/\/www.otogamestudio.com\/fr\/wp-json\/wp\/v2\/pages\/457","targetHints":{"allow":["GET"]}}],"collection":[{"href":"https:\/\/www.otogamestudio.com\/fr\/wp-json\/wp\/v2\/pages"}],"about":[{"href":"https:\/\/www.otogamestudio.com\/fr\/wp-json\/wp\/v2\/types\/page"}],"author":[{"embeddable":true,"href":"https:\/\/www.otogamestudio.com\/fr\/wp-json\/wp\/v2\/users\/1"}],"replies":[{"embeddable":true,"href":"https:\/\/www.otogamestudio.com\/fr\/wp-json\/wp\/v2\/comments?post=457"}],"version-history":[{"count":7,"href":"https:\/\/www.otogamestudio.com\/fr\/wp-json\/wp\/v2\/pages\/457\/revisions"}],"predecessor-version":[{"id":569,"href":"https:\/\/www.otogamestudio.com\/fr\/wp-json\/wp\/v2\/pages\/457\/revisions\/569"}],"wp:attachment":[{"href":"https:\/\/www.otogamestudio.com\/fr\/wp-json\/wp\/v2\/media?parent=457"}],"curies":[{"name":"wp","href":"https:\/\/api.w.org\/{rel}","templated":true}]}}