{"id":444,"date":"2024-07-02T13:13:14","date_gmt":"2024-07-02T11:13:14","guid":{"rendered":"https:\/\/www.otogamestudio.com\/?page_id=444"},"modified":"2025-05-31T22:45:04","modified_gmt":"2025-05-31T20:45:04","slug":"our-story","status":"publish","type":"page","link":"https:\/\/www.otogamestudio.com\/fr\/our-story\/","title":{"rendered":"Notre Histoire"},"content":{"rendered":"<h1 class=\"wp-block-heading\">Notre Histoire<\/h1>\n\n\n\n<h2 class=\"wp-block-heading\">Qui suis-je ?<\/h2>\n\n\n\n<p class=\"has-medium-font-size\">Je suis un ing\u00e9nieur en informatique, sp\u00e9cialis\u00e9 dans l'architecture logicielle. Apr\u00e8s avoir termin\u00e9 mes \u00e9tudes, j'ai travaill\u00e9 quelques ann\u00e9es dans une entreprise de d\u00e9veloppement de logiciels, avant de la quitter pour cr\u00e9er ma propre entreprise de production de jeux vid\u00e9os.<\/p>\n\n\n\n<h2 class=\"wp-block-heading\">Mes jeux pr\u00e9f\u00e9r\u00e9s<\/h2>\n\n\n\n<p class=\"has-medium-font-size\">J'aime les jeux avec un tr\u00e8s bon sc\u00e9nario. Des jeux comme To the Moon, Life is Strange, The Last of Us, les jeux Telltale ou encore Clair Obscur.<\/p>\n\n\n\n<h2 class=\"wp-block-heading\">Mes jeux et objectifs<\/h2>\n\n\n\n<p class=\"has-medium-font-size\">Je veux faire des jeux avec les meilleures histoires possibles. J\u2019ai commenc\u00e9 seul, puis j\u2019ai recrut\u00e9 des ind\u00e9pendants et maintenant, je pr\u00e9vois d\u2019embaucher des travailleurs \u00e0 temps plein.<\/p>\n\n\n<div class=\"wildcard-wrapper\">\n\t\t<div class=\"wildcard-row\">\n\t\t\t<a style=\"display:block; flex-grow: 1; flex-basis:33%; padding:10px;\" href=\"https:\/\/www.otogamestudio.com\/fr\/\">\n\t\t\t\t<div style=\"height:100%; border:1px solid grey; border-radius:3px; box-shadow:0 10px 16px 0 rgba(0,0,0,0.2),0 6px 20px 0 rgba(0,0,0,0.19)\">\n\t\t\t\t\t<img decoding=\"async\" src=\"https:\/\/www.otogamestudio.com\/wp-content\/themes\/onepress-child\\assets\\images\\home.jpg\" alt=\"Popcorn\" style=\"width:100%; height:161px;\">\n\t\t\t\t\t<div style=\"padding:20px 20px 0px 20px; text-align:center;\">\n\t\t\t\t\t\t<h2>Accueil<\/h2>\n\t\t\t\t\t<\/div>\n\t\t\t\t<\/div>\n\t\t\t<a style=\"display:block; flex-grow: 1; flex-basis:33%; padding:10px;\" href=\"https:\/\/www.otogamestudio.com\/fr\/inspiring-dreams\/\">\n\t\t\t\t<div style=\"height:100%; border:1px solid grey; border-radius:3px; box-shadow:0 10px 16px 0 rgba(0,0,0,0.2),0 6px 20px 0 rgba(0,0,0,0.19)\">\n\t\t\t\t\t<img decoding=\"async\" src=\"https:\/\/www.otogamestudio.com\/wp-content\/themes\/onepress-child\\assets\\images\\inspiring_dreams.jpg\" alt=\"Popcorn\" style=\"width:100%; height:161px;\">\n\t\t\t\t\t<div style=\"padding:20px 20px 0px 20px; text-align:center;\">\n\t\t\t\t\t\t<h2>Inspiring Dreams<\/h2>\n\t\t\t\t\t<\/div>\n\t\t\t\t<\/div>\n\t\t\t<\/a>\n\t\t\t<a style=\"display:block; flex-grow: 1; flex-basis:33%; padding:10px;\" href=\"https:\/\/www.otogamestudio.com\/fr\/against-legions-of-specters\/\">\n\t\t\t\t<div style=\"height:100%; border:1px solid grey; border-radius:3px; box-shadow:0 10px 16px 0 rgba(0,0,0,0.2),0 6px 20px 0 rgba(0,0,0,0.19)\">\n\t\t\t\t\t<img decoding=\"async\" src=\"https:\/\/www.otogamestudio.com\/wp-content\/themes\/onepress-child\\assets\\images\\amilia_final.jpg\" alt=\"Popcorn\" style=\"width:100%; height:161px;\">\n\t\t\t\t\t<div style=\"padding:20px 20px 0px 20px; text-align:center;\">\n\t\t\t\t\t\t<h2>Against Legions of Specters<\/h2>\n\t\t\t\t\t<\/div>\n\t\t\t\t<\/div>\n\t\t\t<\/a>\n\t\t<\/div>\n\t\t\n\t<\/div>","protected":false},"excerpt":{"rendered":"<p>Our Story Who am I ? I am a computer engineer specializing in software architecture. After completing my studies, I worked for a few years in a software development company &#8230;<\/p>","protected":false},"author":1,"featured_media":0,"parent":0,"menu_order":0,"comment_status":"closed","ping_status":"closed","template":"","meta":{"footnotes":""},"class_list":["post-444","page","type-page","status-publish","hentry"],"aioseo_notices":[],"_links":{"self":[{"href":"https:\/\/www.otogamestudio.com\/fr\/wp-json\/wp\/v2\/pages\/444","targetHints":{"allow":["GET"]}}],"collection":[{"href":"https:\/\/www.otogamestudio.com\/fr\/wp-json\/wp\/v2\/pages"}],"about":[{"href":"https:\/\/www.otogamestudio.com\/fr\/wp-json\/wp\/v2\/types\/page"}],"author":[{"embeddable":true,"href":"https:\/\/www.otogamestudio.com\/fr\/wp-json\/wp\/v2\/users\/1"}],"replies":[{"embeddable":true,"href":"https:\/\/www.otogamestudio.com\/fr\/wp-json\/wp\/v2\/comments?post=444"}],"version-history":[{"count":10,"href":"https:\/\/www.otogamestudio.com\/fr\/wp-json\/wp\/v2\/pages\/444\/revisions"}],"predecessor-version":[{"id":619,"href":"https:\/\/www.otogamestudio.com\/fr\/wp-json\/wp\/v2\/pages\/444\/revisions\/619"}],"wp:attachment":[{"href":"https:\/\/www.otogamestudio.com\/fr\/wp-json\/wp\/v2\/media?parent=444"}],"curies":[{"name":"wp","href":"https:\/\/api.w.org\/{rel}","templated":true}]}}