{"id":3,"date":"2022-11-15T20:22:34","date_gmt":"2022-11-15T19:22:34","guid":{"rendered":"https:\/\/www.otogamestudio.com\/?page_id=3"},"modified":"2025-05-21T23:12:18","modified_gmt":"2025-05-21T21:12:18","slug":"privacy-notice","status":"publish","type":"page","link":"https:\/\/www.otogamestudio.com\/fr\/privacy-notice\/","title":{"rendered":"Politique de confidentialit\u00e9"},"content":{"rendered":"<h1 class=\"wp-block-heading\">Politique de confidentialit\u00e9<\/h1>\n\n\n\n<p>Derni\u00e8re modification : 21\/05\/2025<\/p>\n\n\n\n<h2 class=\"wp-block-heading\">Pour le site otogamestudio.com<\/h2>\n\n\n\n<p>La pr\u00e9sente politique de confidentialit\u00e9 a pour but d\u2019informer les utilisateurs du site :<br><\/p>\n\n\n\n<ul class=\"wp-block-list\">\n<li>Sur le fait qu\u2019aucune donn\u00e9e personnelle permettant d\u2019identifier directement ou indirectement une personne physique n\u2019est collect\u00e9e par le site. En effet, le site n\u2019utilise pas de cookies autres que les cookies techniques obligatoires au fonctionnement d\u2019un site internet, ni ne lit ou stocke l\u2019adresse IP des utilisateurs, ni ne lit ou stocke toute autre donn\u00e9e permettant de les identifier. En outre, le site ne permet pas aux utilisateurs de cr\u00e9er un compte et ne propose pas non plus d\u2019achats en ligne ni d\u2019espace commentaires.<\/li>\n<\/ul>\n\n\n\n<p>Cette politique compl\u00e8te les mentions l\u00e9gales et les Conditions G\u00e9n\u00e9rales d\u2019Utilisation consultables par les utilisateurs \u00e0 l\u2019adresse suivante :<\/p>\n\n\n\n<p><a href=\"https:\/\/www.otogamestudio.com\/fr\/?page_id=457\"><\/a><a href=\"https:\/\/www.otogamestudio.com\/fr\/terms-of-use\/\" title=\"\">Conditions g\u00e9n\u00e9rales d\u2019utilisation<\/a><\/p>\n\n\n\n<p><a href=\"https:\/\/www.otogamestudio.com\/fr\/?page_id=459\"><\/a><a href=\"https:\/\/www.otogamestudio.com\/fr\/legal-mentions\/\" title=\"\">Mentions l\u00e9gales<\/a><br><br><\/p>\n\n\n\n<h2 class=\"wp-block-heading\">Pour les jeux vendus par l'entreprise<\/h2>\n\n\n\n<p>La pr\u00e9sente politique de confidentialit\u00e9 a pour objet d\u2019informer les utilisateurs des jeux vid\u00e9o vendus par l\u2019entreprise propri\u00e9taire de ce site\u00a0:<\/p>\n\n\n\n<ul class=\"wp-block-list\">\n<li>Sur le fait qu\u2019aucune donn\u00e9e personnelle permettant d\u2019identifier directement ou indirectement une personne physique n\u2019est collect\u00e9e par tout jeu vendu par la soci\u00e9t\u00e9 propri\u00e9taire de ce site. En effet, les jeux ne collectent pas, ne lisent pas, n\u2019utilisent pas, ne stockent pas et ne vendent pas de donn\u00e9es personnelles des utilisateurs, telles que les noms, adresses, adresses IP des utilisateurs, informations de carte de cr\u00e9dit, donn\u00e9es de g\u00e9olocalisation, etc., ni ne lisent ou ne stockent aucune autre donn\u00e9e pouvant les identifier. De plus, les jeux n\u2019exigent pas que les utilisateurs cr\u00e9ent un compte tiers et ne proposent pas de micro-transactions en argent r\u00e9el ni d\u2019espaces de commentaires. En outre, aucun des jeux vendus par la soci\u00e9t\u00e9 propri\u00e9taire de ce site ne n\u00e9cessite d\u2019autorisations suppl\u00e9mentaires, telles que l\u2019acc\u00e8s \u00e0 vos documents, photos, etc., sur votre ordinateur ou smartphone.<\/li>\n<\/ul>","protected":false},"excerpt":{"rendered":"<p>Privacy Notice Last Updated: 21\/05\/2025 For the website otogamestudio.com The purpose of this privacy policy is to inform users of the site: This policy supplements the legal notices and the &#8230;<\/p>","protected":false},"author":1,"featured_media":0,"parent":0,"menu_order":0,"comment_status":"closed","ping_status":"open","template":"","meta":{"footnotes":""},"class_list":["post-3","page","type-page","status-publish","hentry"],"aioseo_notices":[],"_links":{"self":[{"href":"https:\/\/www.otogamestudio.com\/fr\/wp-json\/wp\/v2\/pages\/3","targetHints":{"allow":["GET"]}}],"collection":[{"href":"https:\/\/www.otogamestudio.com\/fr\/wp-json\/wp\/v2\/pages"}],"about":[{"href":"https:\/\/www.otogamestudio.com\/fr\/wp-json\/wp\/v2\/types\/page"}],"author":[{"embeddable":true,"href":"https:\/\/www.otogamestudio.com\/fr\/wp-json\/wp\/v2\/users\/1"}],"replies":[{"embeddable":true,"href":"https:\/\/www.otogamestudio.com\/fr\/wp-json\/wp\/v2\/comments?post=3"}],"version-history":[{"count":11,"href":"https:\/\/www.otogamestudio.com\/fr\/wp-json\/wp\/v2\/pages\/3\/revisions"}],"predecessor-version":[{"id":593,"href":"https:\/\/www.otogamestudio.com\/fr\/wp-json\/wp\/v2\/pages\/3\/revisions\/593"}],"wp:attachment":[{"href":"https:\/\/www.otogamestudio.com\/fr\/wp-json\/wp\/v2\/media?parent=3"}],"curies":[{"name":"wp","href":"https:\/\/api.w.org\/{rel}","templated":true}]}}