{"id":13,"date":"2022-11-17T14:09:27","date_gmt":"2022-11-17T13:09:27","guid":{"rendered":"https:\/\/www.otogamestudio.com\/?page_id=13"},"modified":"2025-05-24T11:30:34","modified_gmt":"2025-05-24T09:30:34","slug":"inspiring-dreams","status":"publish","type":"page","link":"https:\/\/www.otogamestudio.com\/fr\/inspiring-dreams\/","title":{"rendered":"Inspiring Dreams"},"content":{"rendered":"<h1 class=\"wp-block-heading\">Inspiring Dreams \u2013 Un jeu d'aventure<\/h1>\n\n\n\n<p class=\"has-medium-font-size\">Inspiring Dreams est jeu d\u2019aventure riche en r\u00e9cits. Le jeu se concentre sur l\u2019histoire et l\u2019atmosph\u00e8re pour cr\u00e9er la meilleure exp\u00e9rience de jeu possible. Des jeux similaires incluent To The Moon ou Impostor Factory.<\/p>\n\n\n\n<div style=\"height:21px\" aria-hidden=\"true\" class=\"wp-block-spacer\"><\/div>\n\n\n<div class=\"wp-block-image\">\n<figure class=\"aligncenter size-full is-resized\"><img loading=\"lazy\" decoding=\"async\" width=\"600\" height=\"338\" src=\"https:\/\/www.otogamestudio.com\/wp-content\/uploads\/2024\/07\/night600.jpg\" alt=\"\" class=\"wp-image-434\" style=\"width:818px;height:auto\" srcset=\"https:\/\/www.otogamestudio.com\/wp-content\/uploads\/2024\/07\/night600.jpg 600w, https:\/\/www.otogamestudio.com\/wp-content\/uploads\/2024\/07\/night600-300x169.jpg 300w, https:\/\/www.otogamestudio.com\/wp-content\/uploads\/2024\/07\/night600-18x10.jpg 18w\" sizes=\"auto, (max-width: 600px) 100vw, 600px\" \/><\/figure>\n<\/div>\n\n\n<div style=\"height:27px\" aria-hidden=\"true\" class=\"wp-block-spacer\"><\/div>\n\n\n\n<p class=\"has-text-align-left has-medium-font-size\">R\u00e9sum\u00e9\u00a0: Un homme devient un fant\u00f4me apr\u00e8s un grave accident. Plein de regrets, il restera avec sa femme, qui ne peut pas le voir, et la prot\u00e9ger toute sa vie contre un mal inconnu, partageant ses meilleurs et ses pires moments. Si proche et pourtant si loin. Une histoire pleine de myst\u00e8re et de po\u00e9sie.<\/p>\n\n\n\n<div style=\"height:27px\" aria-hidden=\"true\" class=\"wp-block-spacer\"><\/div>\n\n\n<div class=\"wildcard-wrapper\">\n\t\t<div class=\"wildcard-row\">\n\t\t\t<a style=\"display:block; flex-grow: 1; flex-basis:33%; padding:10px;\" href=\"https:\/\/www.otogamestudio.com\/fr\/\">\n\t\t\t\t<div style=\"height:100%; border:1px solid grey; border-radius:3px; box-shadow:0 10px 16px 0 rgba(0,0,0,0.2),0 6px 20px 0 rgba(0,0,0,0.19)\">\n\t\t\t\t\t<img decoding=\"async\" src=\"https:\/\/www.otogamestudio.com\/wp-content\/themes\/onepress-child\\assets\\images\\home.jpg\" alt=\"Popcorn\" style=\"width:100%; height:161px;\">\n\t\t\t\t\t<div style=\"padding:20px 20px 0px 20px; text-align:center;\">\n\t\t\t\t\t\t<h2>Accueil<\/h2>\n\t\t\t\t\t<\/div>\n\t\t\t\t<\/div>\n\t\t\t<\/a>\n\t\t\t<a style=\"display:block; flex-grow: 1; flex-basis:33%; padding:10px;\" href=\"https:\/\/www.otogamestudio.com\/fr\/presskit_insp_dreams_en\/\">\n\t\t\t\t<div style=\"height:100%; border:1px solid grey; border-radius:3px; box-shadow:0 10px 16px 0 rgba(0,0,0,0.2),0 6px 20px 0 rgba(0,0,0,0.19)\">\n\t\t\t\t\t<img decoding=\"async\" src=\"https:\/\/www.otogamestudio.com\/wp-content\/themes\/onepress-child\\assets\\images\\presskit_miniature.jpg\" alt=\"Popcorn\" style=\"width:100%; height:161px;\">\n\t\t\t\t\t<div style=\"padding:20px 20px 0px 20px; text-align:center;\">\n\t\t\t\t\t\t<h2>Kit de Presse Anglais<\/h2>\n\t\t\t\t\t<\/div>\n\t\t\t\t<\/div>\n\t\t\t<\/a>\n\t\t\t<a style=\"display:block; flex-grow: 1; flex-basis:33%; padding:10px;\" href=\"https:\/\/www.otogamestudio.com\/fr\/presskit_insp_dreams_fr\/\">\n\t\t\t\t<div style=\"height:100%; border:1px solid grey; border-radius:3px; box-shadow:0 10px 16px 0 rgba(0,0,0,0.2),0 6px 20px 0 rgba(0,0,0,0.19)\">\n\t\t\t\t\t<img decoding=\"async\" src=\"https:\/\/www.otogamestudio.com\/wp-content\/themes\/onepress-child\\assets\\images\\presskit_miniature.jpg\" alt=\"Popcorn\" style=\"width:100%; height:161px;\">\n\t\t\t\t\t<div style=\"padding:20px 20px 0px 20px; text-align:center;\">\n\t\t\t\t\t\t<h2>Kit de Presse Fran\u00e7ais<\/h2>\n\t\t\t\t\t<\/div>\n\t\t\t\t<\/div>\n\t\t\t<\/a>\n\t\t\t<a style=\"display:block; flex-grow: 1; flex-basis:33%; padding:10px;\" href=\"https:\/\/www.otogamestudio.com\/fr\/our-story\/\">\n\t\t\t\t<div style=\"height:100%; border:1px solid grey; border-radius:3px; box-shadow:0 10px 16px 0 rgba(0,0,0,0.2),0 6px 20px 0 rgba(0,0,0,0.19)\">\n\t\t\t\t\t<img decoding=\"async\" src=\"https:\/\/www.otogamestudio.com\/wp-content\/themes\/onepress-child\\assets\\images\\storytelling_miniature.jpg\" alt=\"Popcorn\" style=\"width:100%; height:161px;\">\n\t\t\t\t\t<div style=\"padding:20px 20px 0px 20px; text-align:center;\">\n\t\t\t\t\t\t<h2>Notre Histoire<\/h2>\n\t\t\t\t\t<\/div>\n\t\t\t\t<\/div>\n\t\t\t<\/a>\n\t\t<\/div>\n\t\t\n\t<\/div>\n\n\n\n<div style=\"height:27px\" aria-hidden=\"true\" class=\"wp-block-spacer\"><\/div>\n\n\n\n<h1 class=\"wp-block-heading\">DEMO Gameplay<\/h1>\n\n\n\n<p class=\"has-medium-font-size\">Voici une vid\u00e9o de la DEMO compl\u00e8te du jeu, afin que vous puissiez voir si vous l\u2019aimez sans le t\u00e9l\u00e9charger.<\/p>\n\n\n\n<div style=\"height:13px\" aria-hidden=\"true\" class=\"wp-block-spacer\"><\/div>\n\n\n\n<figure class=\"wp-block-embed is-type-video is-provider-youtube wp-block-embed-youtube wp-embed-aspect-16-9 wp-has-aspect-ratio\"><div class=\"wp-block-embed__wrapper\">\n<iframe loading=\"lazy\" title=\"Inspiring Dreams DEMO Walkthrough\/Longplay\" width=\"800\" height=\"450\" src=\"https:\/\/www.youtube.com\/embed\/dMgEccKfbdg?feature=oembed\" frameborder=\"0\" allow=\"accelerometer; autoplay; clipboard-write; encrypted-media; gyroscope; picture-in-picture; web-share\" referrerpolicy=\"strict-origin-when-cross-origin\" allowfullscreen><\/iframe>\n<\/div><figcaption class=\"wp-element-caption\">DEMO Gameplay<\/figcaption><\/figure>\n\n\n\n<div style=\"height:23px\" aria-hidden=\"true\" class=\"wp-block-spacer\"><\/div>\n\n\n\n<h1 class=\"wp-block-heading\">\u00c9l\u00e9ments de RPG<\/h1>\n\n\n\n<p class=\"has-medium-font-size\">Bien que l\u2019histoire soit au c\u0153ur du jeu, des efforts ont \u00e9t\u00e9 faits pour inclure un gameplay int\u00e9ressant. Au cours d\u2019un combat, le joueur a le choix entre des actions s\u00e9lectionn\u00e9es al\u00e9atoirement en fonction de la situation.<\/p>\n\n\n\n<div style=\"height:23px\" aria-hidden=\"true\" class=\"wp-block-spacer\"><\/div>\n\n\n\n<figure class=\"wp-block-image size-large\"><img loading=\"lazy\" decoding=\"async\" width=\"1024\" height=\"576\" src=\"https:\/\/www.otogamestudio.com\/wp-content\/uploads\/2024\/07\/fight1-1024x576.png\" alt=\"\" class=\"wp-image-438\" srcset=\"https:\/\/www.otogamestudio.com\/wp-content\/uploads\/2024\/07\/fight1-1024x576.png 1024w, https:\/\/www.otogamestudio.com\/wp-content\/uploads\/2024\/07\/fight1-300x169.png 300w, https:\/\/www.otogamestudio.com\/wp-content\/uploads\/2024\/07\/fight1-768x432.png 768w, https:\/\/www.otogamestudio.com\/wp-content\/uploads\/2024\/07\/fight1-18x10.png 18w, https:\/\/www.otogamestudio.com\/wp-content\/uploads\/2024\/07\/fight1.png 1365w\" sizes=\"auto, (max-width: 1024px) 100vw, 1024px\" \/><\/figure>\n\n\n\n<div style=\"height:23px\" aria-hidden=\"true\" class=\"wp-block-spacer\"><\/div>\n\n\n\n<h1 class=\"wp-block-heading\">Un jeu cr\u00e9\u00e9 par une seule personne<\/h1>\n\n\n\n<p class=\"has-medium-font-size\">Je suis ing\u00e9nieur informaticien. J\u2019ai commenc\u00e9 \u00e0 d\u00e9velopper des jeux vid\u00e9o par passion, apr\u00e8s quelques ann\u00e9es de d\u00e9veloppement de logiciels pour une grande entreprise.<\/p>\n\n\n\n<p class=\"has-medium-font-size\">J\u2019ai aussi une passion artistique\u00a0: j\u2019aime le cin\u00e9ma, l\u2019\u00e9criture, le dessin et la musique. Les jeux vid\u00e9o sont pour moi un moyen de combiner mon savoir-faire technique avec mes connaissances artistiques.<\/p>\n\n\n\n<div style=\"height:15px\" aria-hidden=\"true\" class=\"wp-block-spacer\"><\/div>\n\n\n<div class=\"wp-block-image\">\n<figure class=\"aligncenter size-full is-resized\"><img loading=\"lazy\" decoding=\"async\" width=\"600\" height=\"338\" src=\"https:\/\/www.otogamestudio.com\/wp-content\/uploads\/2024\/07\/automne.png\" alt=\"\" class=\"wp-image-436\" style=\"width:818px;height:auto\" srcset=\"https:\/\/www.otogamestudio.com\/wp-content\/uploads\/2024\/07\/automne.png 600w, https:\/\/www.otogamestudio.com\/wp-content\/uploads\/2024\/07\/automne-300x169.png 300w, https:\/\/www.otogamestudio.com\/wp-content\/uploads\/2024\/07\/automne-18x10.png 18w\" sizes=\"auto, (max-width: 600px) 100vw, 600px\" \/><\/figure>\n<\/div>\n\n\n<div style=\"height:23px\" aria-hidden=\"true\" class=\"wp-block-spacer\"><\/div>\n\n\n\n<h1 class=\"wp-block-heading\">Magnifique pixel-art<\/h1>\n\n\n\n<p class=\"has-medium-font-size\">Je dessine moi-m\u00eame tout le pixel art. Je pr\u00e9vois d\u2019embaucher des artistes pour mes prochains jeux, pour pouvoir me concentrer sur le sc\u00e9nario et le gameplay.<\/p>\n\n\n<div class=\"wp-block-image\">\n<figure class=\"aligncenter size-full is-resized\"><img loading=\"lazy\" decoding=\"async\" width=\"600\" height=\"338\" src=\"https:\/\/www.otogamestudio.com\/wp-content\/uploads\/2024\/07\/explore_dark_places1.png\" alt=\"\" class=\"wp-image-437\" style=\"width:840px;height:auto\" srcset=\"https:\/\/www.otogamestudio.com\/wp-content\/uploads\/2024\/07\/explore_dark_places1.png 600w, https:\/\/www.otogamestudio.com\/wp-content\/uploads\/2024\/07\/explore_dark_places1-300x169.png 300w, https:\/\/www.otogamestudio.com\/wp-content\/uploads\/2024\/07\/explore_dark_places1-18x10.png 18w\" sizes=\"auto, (max-width: 600px) 100vw, 600px\" \/><\/figure>\n<\/div>\n\n\n<div style=\"height:18px\" aria-hidden=\"true\" class=\"wp-block-spacer\"><\/div>\n\n\n\n<h1 class=\"wp-block-heading\">Belle musique et ambiance<\/h1>\n\n\n\n<p class=\"has-medium-font-size\">L\u2019ambiance du jeu est vraiment importante. J'ai beaucoup travaill\u00e9 sur la musique et l\u2019ambiance g\u00e9n\u00e9rale du jeu, afin de faire ressentir aux joueurs des \u00e9motions fortes.<\/p>\n\n\n<div class=\"wp-block-image\">\n<figure class=\"aligncenter size-full is-resized\"><img loading=\"lazy\" decoding=\"async\" width=\"600\" height=\"338\" src=\"https:\/\/www.otogamestudio.com\/wp-content\/uploads\/2024\/07\/hidden_lore1_en.jpg\" alt=\"\" class=\"wp-image-439\" style=\"width:848px;height:auto\" srcset=\"https:\/\/www.otogamestudio.com\/wp-content\/uploads\/2024\/07\/hidden_lore1_en.jpg 600w, https:\/\/www.otogamestudio.com\/wp-content\/uploads\/2024\/07\/hidden_lore1_en-300x169.jpg 300w, https:\/\/www.otogamestudio.com\/wp-content\/uploads\/2024\/07\/hidden_lore1_en-18x10.jpg 18w\" sizes=\"auto, (max-width: 600px) 100vw, 600px\" \/><\/figure>\n<\/div>\n\n\n<div style=\"height:37px\" aria-hidden=\"true\" class=\"wp-block-spacer\"><\/div>\n\n\n\n<h1 class=\"wp-block-heading\">Pas d\u2019IA g\u00e9n\u00e9rative<\/h1>\n\n\n\n<p class=\"has-medium-font-size\">Il n\u2019y a pas d\u2019IA g\u00e9n\u00e9ratrice dans mes jeux. Je suis contre l\u2019utilisation de l\u2019IA comme substitut \u00e0 la cr\u00e9ativit\u00e9 humaine. Aucun texte ou image n\u2019a \u00e9t\u00e9 g\u00e9n\u00e9r\u00e9 par l\u2019IA.<\/p>\n\n\n<div class=\"wp-block-image\">\n<figure class=\"aligncenter size-full\"><img loading=\"lazy\" decoding=\"async\" width=\"256\" height=\"256\" src=\"https:\/\/www.otogamestudio.com\/wp-content\/uploads\/2024\/07\/noAI-2.jpg\" alt=\"\" class=\"wp-image-442\" srcset=\"https:\/\/www.otogamestudio.com\/wp-content\/uploads\/2024\/07\/noAI-2.jpg 256w, https:\/\/www.otogamestudio.com\/wp-content\/uploads\/2024\/07\/noAI-2-150x150.jpg 150w, https:\/\/www.otogamestudio.com\/wp-content\/uploads\/2024\/07\/noAI-2-12x12.jpg 12w\" sizes=\"auto, (max-width: 256px) 100vw, 256px\" \/><\/figure>\n<\/div>\n\n\n<div style=\"height:34px\" aria-hidden=\"true\" class=\"wp-block-spacer\"><\/div>\n\n\n\n<h1 class=\"wp-block-heading\">Et ensuite ?<\/h1>\n\n\n\n<p class=\"has-medium-font-size\">Les prochains jeux suivront le m\u00eame style, tout en am\u00e9liorant les d\u00e9tails. Ils seront probablement mieux.<\/p>\n\n\n\n<div style=\"height:34px\" aria-hidden=\"true\" class=\"wp-block-spacer\"><\/div>\n\n\n\n<h1 class=\"wp-block-heading\">Liens utiles<\/h1>\n\n\n\n<ul class=\"wp-block-list\">\n<li>This game: <a href=\"https:\/\/store.steampowered.com\/app\/2834860\/Inspiring_Dreams\/\">https:\/\/store.steampowered.com\/app\/2834860\/Inspiring_Dreams\/<\/a><\/li>\n\n\n\n<li>All my games: <a href=\"https:\/\/store.steampowered.com\/publisher\/otogamestudio\">https:\/\/store.steampowered.com\/publisher\/otogamestudio<\/a><\/li>\n<\/ul>","protected":false},"excerpt":{"rendered":"<p>Inspiring Dreams &#8211; An adventure game Inspiring Dreams is a story-rich adventure game. The game focuses on the story and atmosphere to create the best possible gaming experience. The game &#8230;<\/p>","protected":false},"author":1,"featured_media":0,"parent":0,"menu_order":0,"comment_status":"closed","ping_status":"closed","template":"","meta":{"footnotes":""},"class_list":["post-13","page","type-page","status-publish","hentry"],"aioseo_notices":[],"_links":{"self":[{"href":"https:\/\/www.otogamestudio.com\/fr\/wp-json\/wp\/v2\/pages\/13","targetHints":{"allow":["GET"]}}],"collection":[{"href":"https:\/\/www.otogamestudio.com\/fr\/wp-json\/wp\/v2\/pages"}],"about":[{"href":"https:\/\/www.otogamestudio.com\/fr\/wp-json\/wp\/v2\/types\/page"}],"author":[{"embeddable":true,"href":"https:\/\/www.otogamestudio.com\/fr\/wp-json\/wp\/v2\/users\/1"}],"replies":[{"embeddable":true,"href":"https:\/\/www.otogamestudio.com\/fr\/wp-json\/wp\/v2\/comments?post=13"}],"version-history":[{"count":62,"href":"https:\/\/www.otogamestudio.com\/fr\/wp-json\/wp\/v2\/pages\/13\/revisions"}],"predecessor-version":[{"id":599,"href":"https:\/\/www.otogamestudio.com\/fr\/wp-json\/wp\/v2\/pages\/13\/revisions\/599"}],"wp:attachment":[{"href":"https:\/\/www.otogamestudio.com\/fr\/wp-json\/wp\/v2\/media?parent=13"}],"curies":[{"name":"wp","href":"https:\/\/api.w.org\/{rel}","templated":true}]}}